{"id":174,"date":"2024-09-23T18:09:50","date_gmt":"2024-09-23T18:09:50","guid":{"rendered":"https:\/\/www.lasselaaksonen.net\/?page_id=174"},"modified":"2026-03-21T11:38:23","modified_gmt":"2026-03-21T11:38:23","slug":"esiintymisia","status":"publish","type":"page","link":"https:\/\/www.lasselaaksonen.net\/index.php\/esiintymisia\/","title":{"rendered":"Esiintymisi\u00e4"},"content":{"rendered":"\n<div class=\"wp-block-group alignfull has-accent-background-color has-background has-global-padding is-layout-constrained wp-container-core-group-is-layout-669513ed wp-block-group-is-layout-constrained\" style=\"margin-top:0;margin-bottom:0;padding-top:var(--wp--preset--spacing--50);padding-right:var(--wp--preset--spacing--50);padding-bottom:var(--wp--preset--spacing--50);padding-left:var(--wp--preset--spacing--50)\">\n<div class=\"wp-block-group has-global-padding is-layout-constrained wp-block-group-is-layout-constrained\">\n<h4 class=\"wp-block-heading\"><a href=\"https:\/\/www.mtv.fi\/lyhyet\/29be66610ea70a7f059c\/video-minkalaisia-ovat-tavallisten-ihmisten-selviytymiskeinot-sodassa\" target=\"_blank\" rel=\"noopener\" title=\"\"><a href=\"https:\/\/www.mtv.fi\/lyhyet\/5e265466e24247046763\/video-tunne-vai-jarki-nain-suomen-sotilasjohto-teki-paatoksia-kriiseissa\" target=\"_blank\" rel=\"noopener\" title=\"\">Tunne vai j\u00e4rki? N\u00e4in Suomen sotilasjohto teki p\u00e4\u00e4t\u00f6ksi\u00e4 kriiseiss\u00e4<\/a><\/a><\/h4>\n\n\n\n<figure class=\"wp-block-image size-large\"><img loading=\"lazy\" decoding=\"async\" width=\"1024\" height=\"476\" src=\"https:\/\/www.lasselaaksonen.net\/wp-content\/uploads\/2025\/09\/mtv3-esiintyminen-18-9-2025-1024x476.png\" alt=\"\" class=\"wp-image-239\" srcset=\"https:\/\/www.lasselaaksonen.net\/wp-content\/uploads\/2025\/09\/mtv3-esiintyminen-18-9-2025-1024x476.png 1024w, https:\/\/www.lasselaaksonen.net\/wp-content\/uploads\/2025\/09\/mtv3-esiintyminen-18-9-2025-300x139.png 300w, https:\/\/www.lasselaaksonen.net\/wp-content\/uploads\/2025\/09\/mtv3-esiintyminen-18-9-2025-768x357.png 768w, https:\/\/www.lasselaaksonen.net\/wp-content\/uploads\/2025\/09\/mtv3-esiintyminen-18-9-2025-1536x714.png 1536w, https:\/\/www.lasselaaksonen.net\/wp-content\/uploads\/2025\/09\/mtv3-esiintyminen-18-9-2025.png 1767w\" sizes=\"auto, (max-width: 1024px) 100vw, 1024px\" \/><\/figure>\n<\/div>\n\n\n\n<div class=\"wp-block-group has-global-padding is-layout-constrained wp-block-group-is-layout-constrained\">\n<h4 class=\"wp-block-heading\"><a href=\"https:\/\/areena.yle.fi\/1-76192961?utm_medium=social&amp;utm_campaign=areena-web-share&amp;utm_source=copy-link-share\" target=\"_blank\" rel=\"noopener\" title=\"\">Tehd\u00e4\u00e4nk\u00f6 sotilaallisia p\u00e4\u00e4t\u00f6ksi\u00e4 tunteella?<\/a><\/h4>\n\n\n\n<figure class=\"wp-block-image size-large\"><img loading=\"lazy\" decoding=\"async\" width=\"1024\" height=\"560\" src=\"https:\/\/www.lasselaaksonen.net\/wp-content\/uploads\/2025\/09\/yle-esiintyminen-18-09-2025-1024x560.png\" alt=\"\" class=\"wp-image-243\" srcset=\"https:\/\/www.lasselaaksonen.net\/wp-content\/uploads\/2025\/09\/yle-esiintyminen-18-09-2025-1024x560.png 1024w, https:\/\/www.lasselaaksonen.net\/wp-content\/uploads\/2025\/09\/yle-esiintyminen-18-09-2025-300x164.png 300w, https:\/\/www.lasselaaksonen.net\/wp-content\/uploads\/2025\/09\/yle-esiintyminen-18-09-2025-768x420.png 768w, https:\/\/www.lasselaaksonen.net\/wp-content\/uploads\/2025\/09\/yle-esiintyminen-18-09-2025-1536x841.png 1536w, https:\/\/www.lasselaaksonen.net\/wp-content\/uploads\/2025\/09\/yle-esiintyminen-18-09-2025.png 2008w\" sizes=\"auto, (max-width: 1024px) 100vw, 1024px\" \/><\/figure>\n<\/div>\n\n\n\n<div class=\"wp-block-group has-global-padding is-layout-constrained wp-block-group-is-layout-constrained\">\n<h4 class=\"wp-block-heading\"><a href=\"https:\/\/www.mtv.fi\/lyhyet\/29be66610ea70a7f059c\/video-minkalaisia-ovat-tavallisten-ihmisten-selviytymiskeinot-sodassa\" target=\"_blank\" rel=\"noopener\" title=\"\">Mink\u00e4laisia ovat tavallisten ihmisten selviytymiskeinot sodassa?<\/a><\/h4>\n\n\n\n<figure class=\"wp-block-image size-large\"><a href=\"https:\/\/www.mtv.fi\/lyhyet\/29be66610ea70a7f059c\/video-minkalaisia-ovat-tavallisten-ihmisten-selviytymiskeinot-sodassa\"><img decoding=\"async\" src=\"https:\/\/imageproxy.a2d.tv\/?source=https:%2F%2Ftvmedia.image-service.eu-north-1-prod.vmnd.tv%2Fapi%2Fv2%2Fimg%2F66e44e46e4b0ef6901f99cbb-1726238280419%3Flocation=main&amp;width=640\" alt=\"\"\/><\/a><\/figure>\n<\/div>\n\n\n\n<div class=\"wp-block-group has-global-padding is-layout-constrained wp-block-group-is-layout-constrained\">\n<h4 class=\"wp-block-heading\"><a href=\"https:\/\/www.mtv.fi\/lyhyet\/faf72438878780fd4de8\/video-miten-salamurhat-ja-niiden-yritykset-ovat-muuttaneet-maailmaa\" target=\"_blank\" rel=\"noopener\" title=\"\">Miten salamurhat ja niiden yritykset ovat muuttaneet maailmaa?<\/a><\/h4>\n\n\n\n<figure class=\"wp-block-image size-large\"><a href=\"https:\/\/www.mtv.fi\/lyhyet\/faf72438878780fd4de8\/video-miten-salamurhat-ja-niiden-yritykset-ovat-muuttaneet-maailmaa\"><img decoding=\"async\" src=\"https:\/\/imageproxy.a2d.tv\/?source=https:%2F%2Ftvmedia.image-service.eu-north-1-prod.vmnd.tv%2Fapi%2Fv2%2Fimg%2F669752cae4b0af0d24805b0d-1721193163504%3Flocation=main&amp;width=640\" alt=\"\"\/><\/a><\/figure>\n<\/div>\n\n\n\n<figure class=\"wp-block-video\"><video height=\"1080\" style=\"aspect-ratio: 1920 \/ 1080;\" width=\"1920\" controls src=\"https:\/\/www.lasselaaksonen.net\/wp-content\/uploads\/2024\/09\/2023_Ivan-esittelee-dosentti-L-\u2013-Tehty-Clipchampilla.mp4\"><\/video><\/figure>\n\n\n\n<figure class=\"wp-block-embed is-type-video is-provider-youtube wp-block-embed-youtube wp-embed-aspect-16-9 wp-has-aspect-ratio\"><div class=\"wp-block-embed__wrapper\">\n<iframe loading=\"lazy\" title=\"Mannerheimin sotapsykologia Lasse Laaksonen\" width=\"500\" height=\"281\" src=\"https:\/\/www.youtube.com\/embed\/Excyp4y_8K4?list=PLizwM7ARAUy4z9CF0LpQzUpU9JZXnnlAK\" frameborder=\"0\" allow=\"accelerometer; autoplay; clipboard-write; encrypted-media; gyroscope; picture-in-picture; web-share\" referrerpolicy=\"strict-origin-when-cross-origin\" allowfullscreen><\/iframe>\n<\/div><\/figure>\n\n\n\n<figure class=\"wp-block-embed is-type-video is-provider-youtube wp-block-embed-youtube wp-embed-aspect-16-9 wp-has-aspect-ratio\"><div class=\"wp-block-embed__wrapper\">\n<iframe loading=\"lazy\" title=\"Sota ja Clausewitzin ajatukset | Puheenaihe 295\" width=\"500\" height=\"281\" src=\"https:\/\/www.youtube.com\/embed\/tXnlFEss5qY?list=PLizwM7ARAUy4z9CF0LpQzUpU9JZXnnlAK\" frameborder=\"0\" allow=\"accelerometer; autoplay; clipboard-write; encrypted-media; gyroscope; picture-in-picture; web-share\" referrerpolicy=\"strict-origin-when-cross-origin\" allowfullscreen><\/iframe>\n<\/div><\/figure>\n\n\n\n<figure class=\"wp-block-image size-large\"><img loading=\"lazy\" decoding=\"async\" width=\"1024\" height=\"736\" src=\"https:\/\/www.lasselaaksonen.net\/wp-content\/uploads\/2025\/02\/20250217_IL_Aukeama-1024x736.png\" alt=\"\" class=\"wp-image-204\" srcset=\"https:\/\/www.lasselaaksonen.net\/wp-content\/uploads\/2025\/02\/20250217_IL_Aukeama-1024x736.png 1024w, https:\/\/www.lasselaaksonen.net\/wp-content\/uploads\/2025\/02\/20250217_IL_Aukeama-300x216.png 300w, https:\/\/www.lasselaaksonen.net\/wp-content\/uploads\/2025\/02\/20250217_IL_Aukeama-768x552.png 768w, https:\/\/www.lasselaaksonen.net\/wp-content\/uploads\/2025\/02\/20250217_IL_Aukeama.png 1128w\" sizes=\"auto, (max-width: 1024px) 100vw, 1024px\" \/><\/figure>\n<\/div>\n","protected":false},"excerpt":{"rendered":"<p>Tunne vai j\u00e4rki? N\u00e4in Suomen sotilasjohto teki p\u00e4\u00e4t\u00f6ksi\u00e4 kriiseiss\u00e4 Tehd\u00e4\u00e4nk\u00f6 sotilaallisia p\u00e4\u00e4t\u00f6ksi\u00e4 tunteella? Mink\u00e4laisia ovat tavallisten ihmisten selviytymiskeinot sodassa? Miten salamurhat ja niiden yritykset ovat muuttaneet maailmaa?<\/p>\n","protected":false},"author":1,"featured_media":0,"parent":0,"menu_order":0,"comment_status":"closed","ping_status":"closed","template":"","meta":{"footnotes":""},"class_list":["post-174","page","type-page","status-publish","hentry"],"aioseo_notices":[],"_links":{"self":[{"href":"https:\/\/www.lasselaaksonen.net\/index.php\/wp-json\/wp\/v2\/pages\/174","targetHints":{"allow":["GET"]}}],"collection":[{"href":"https:\/\/www.lasselaaksonen.net\/index.php\/wp-json\/wp\/v2\/pages"}],"about":[{"href":"https:\/\/www.lasselaaksonen.net\/index.php\/wp-json\/wp\/v2\/types\/page"}],"author":[{"embeddable":true,"href":"https:\/\/www.lasselaaksonen.net\/index.php\/wp-json\/wp\/v2\/users\/1"}],"replies":[{"embeddable":true,"href":"https:\/\/www.lasselaaksonen.net\/index.php\/wp-json\/wp\/v2\/comments?post=174"}],"version-history":[{"count":17,"href":"https:\/\/www.lasselaaksonen.net\/index.php\/wp-json\/wp\/v2\/pages\/174\/revisions"}],"predecessor-version":[{"id":255,"href":"https:\/\/www.lasselaaksonen.net\/index.php\/wp-json\/wp\/v2\/pages\/174\/revisions\/255"}],"wp:attachment":[{"href":"https:\/\/www.lasselaaksonen.net\/index.php\/wp-json\/wp\/v2\/media?parent=174"}],"curies":[{"name":"wp","href":"https:\/\/api.w.org\/{rel}","templated":true}]}}