{"id":84,"date":"2024-09-18T08:41:57","date_gmt":"2024-09-18T08:41:57","guid":{"rendered":"https:\/\/www.lasselaaksonen.net\/?page_id=84"},"modified":"2025-09-25T17:48:12","modified_gmt":"2025-09-25T17:48:12","slug":"luennot","status":"publish","type":"page","link":"https:\/\/www.lasselaaksonen.net\/index.php\/luennot\/","title":{"rendered":"Luennot"},"content":{"rendered":"\n<div class=\"wp-block-group alignfull has-accent-background-color has-background has-global-padding is-layout-constrained wp-container-core-group-is-layout-669513ed wp-block-group-is-layout-constrained\" style=\"margin-top:0;margin-bottom:0;padding-top:var(--wp--preset--spacing--50);padding-right:var(--wp--preset--spacing--50);padding-bottom:var(--wp--preset--spacing--50);padding-left:var(--wp--preset--spacing--50)\">\n<div class=\"wp-block-columns is-layout-flex wp-container-core-columns-is-layout-28f84493 wp-block-columns-is-layout-flex\">\n<div class=\"wp-block-column is-layout-flow wp-block-column-is-layout-flow\">\n<figure class=\"wp-block-image size-large\"><img loading=\"lazy\" decoding=\"async\" width=\"1024\" height=\"683\" src=\"https:\/\/www.lasselaaksonen.net\/wp-content\/uploads\/2024\/09\/IMG-20240916-WA0001-1024x683.jpg\" alt=\"\" class=\"wp-image-77\" srcset=\"https:\/\/www.lasselaaksonen.net\/wp-content\/uploads\/2024\/09\/IMG-20240916-WA0001-1024x683.jpg 1024w, https:\/\/www.lasselaaksonen.net\/wp-content\/uploads\/2024\/09\/IMG-20240916-WA0001-300x200.jpg 300w, https:\/\/www.lasselaaksonen.net\/wp-content\/uploads\/2024\/09\/IMG-20240916-WA0001-768x512.jpg 768w, https:\/\/www.lasselaaksonen.net\/wp-content\/uploads\/2024\/09\/IMG-20240916-WA0001.jpg 1080w\" sizes=\"auto, (max-width: 1024px) 100vw, 1024px\" \/><\/figure>\n<\/div>\n\n\n\n<div class=\"wp-block-column is-layout-flow wp-block-column-is-layout-flow\">\n<figure class=\"wp-block-image size-large\"><img loading=\"lazy\" decoding=\"async\" width=\"794\" height=\"1024\" src=\"https:\/\/www.lasselaaksonen.net\/wp-content\/uploads\/2024\/09\/20240903_132115-scaled-e1726754879451-794x1024.jpg\" alt=\"\" class=\"wp-image-49\" srcset=\"https:\/\/www.lasselaaksonen.net\/wp-content\/uploads\/2024\/09\/20240903_132115-scaled-e1726754879451-794x1024.jpg 794w, https:\/\/www.lasselaaksonen.net\/wp-content\/uploads\/2024\/09\/20240903_132115-scaled-e1726754879451-233x300.jpg 233w, https:\/\/www.lasselaaksonen.net\/wp-content\/uploads\/2024\/09\/20240903_132115-scaled-e1726754879451-768x991.jpg 768w, https:\/\/www.lasselaaksonen.net\/wp-content\/uploads\/2024\/09\/20240903_132115-scaled-e1726754879451-1191x1536.jpg 1191w, https:\/\/www.lasselaaksonen.net\/wp-content\/uploads\/2024\/09\/20240903_132115-scaled-e1726754879451.jpg 1442w\" sizes=\"auto, (max-width: 794px) 100vw, 794px\" \/><\/figure>\n<\/div>\n<\/div>\n\n\n\n<p style=\"font-size:clamp(1.146rem, 1.146rem + ((1vw - 0.2rem) * 1.09), 1.8rem);\">\u201d<em>Psykologinen puoli on vaikeampi kuin sotilaallinen<\/em>\u201d<\/p>\n\n\n\n<p>(Kenraali Tuompo 1941)<\/p>\n\n\n\n<hr class=\"wp-block-separator has-alpha-channel-opacity\" style=\"margin-top:var(--wp--preset--spacing--40);margin-bottom:var(--wp--preset--spacing--40)\"\/>\n\n\n\n<div class=\"wp-block-group has-global-padding is-layout-constrained wp-container-core-group-is-layout-598197cb wp-block-group-is-layout-constrained\" style=\"margin-top:0;margin-bottom:0;padding-top:0;padding-bottom:0\">\n<p class=\"has-text-align-center has-body-font-family\" style=\"font-size:clamp(1.039rem, 1.039rem + ((1vw - 0.2rem) * 0.935), 1.6rem);line-height:1\"><strong>Tunne, reaktiot ja henkil\u00f6suhteet<\/strong><br><strong>&#8211;<br>Kriisijohtamisen psykologia ja historian opetukset<\/strong><\/p>\n<\/div>\n\n\n\n<p>Sodissa ja kriiseiss\u00e4 niin kenraaliin, poliittiseen p\u00e4\u00e4tt\u00e4j\u00e4\u00e4n kuin toimitusjohtajaan vaikuttavat ihmiskasvoiset piirteet. H\u00e4n joutuu kamppailemaan j\u00e4rjen \u00e4\u00e4nen ja inhimillisten tunteiden kanssa p\u00e4\u00e4t\u00f6ksi\u00e4 tehdess\u00e4\u00e4n. Tunne ja j\u00e4rki k\u00e4yv\u00e4t kilpajuoksua kesken\u00e4\u00e4n. H\u00e4n ei my\u00f6sk\u00e4\u00e4n ole yksin henkil\u00f6suhteet vaikuttavat johtamiseen. \u00c4\u00e4rimm\u00e4isiss\u00e4 olosuhteissa pinnat kiristyv\u00e4t, ja kemiat korostuvat, \u00e4\u00e4rimm\u00e4isiss\u00e4 olosuhteissa \u00e4\u00e4rimm\u00e4iset piirteet korostuvat usein poikkeuksellisella tavalla. Tiukka tunneyhteis\u00f6llisyys taas voi johtaa v\u00e4\u00e4riin ratkaisuihin.<\/p>\n\n\n\n<p>Vaikka sodat ja kriisit puhkeavat useimmiten \u00e4kkiarvaamatta ja odottamatta, Sokkia ja kaaosta vastaan voi kuitenkin taistella. T\u00e4rkeint\u00e4 on ennakointi ja varautuminen. Kun ymm\u00e4rt\u00e4\u00e4 ihmisen psyykett\u00e4 ja reagointia, ja tiet\u00e4\u00e4 tarkoituksenmukaisia johtamisen v\u00e4lineit\u00e4, haittoja voidaan lievent\u00e4\u00e4 ja sekavuutta v\u00e4ltt\u00e4\u00e4. Historiasta l\u00f6ytyy my\u00f6s paljon ennakkotapauksia, jotka ovat tosiasiassa k\u00e4yt\u00e4nn\u00f6ss\u00e4 hy\u00f6dyllisempi\u00e4 kuin teoreettiset mallit.<\/p>\n\n\n\n<p><strong>Miten ihminen ja erilaiset johtajapersoonat reagoivat kriiseiss\u00e4? Johtajien tunteet ja niiden vaikutus p\u00e4\u00e4t\u00f6ksentekoon.<\/strong><\/p>\n\n\n\n<p>-Miksi Mannerheim perusti uusia johtoportaita, vaikka vanhojakaan ei hallittu?<\/p>\n\n\n\n<p class=\".custom-indent\" style=\"padding-top:0;padding-right:0;padding-bottom:0;padding-left:0\"><strong>Ihmisen \u00e4\u00e4ni johtamisessa. Erilaisten persoonien kanssak\u00e4yminen ja eripurat<\/strong><\/p>\n\n\n\n<p>-Miksi kenraali Eisenhower onnistui hermoheikkojen alaistensa johtajana Normandiassa.<\/p>\n\n\n\n<p>-Yhdysvaltojen \u201dmurharyhm\u00e4t\u201d operatiivisten suunnitelmien testaajina<\/p>\n\n\n\n<p><strong>Mill\u00e4 tavoin mielialoihin ja tunteisiin vaikutetaan nykyp\u00e4iv\u00e4n\u00e4?<\/strong><\/p>\n\n\n\n<p>-Muistisodank\u00e4ynti ja mielialojen muokkaus<\/p>\n\n\n\n<p>-Tunnesodank\u00e4ynti ja tarinallistamisen taikatemput<\/p>\n\n\n\n<p>-Aivosodank\u00e4ynti sosiaalisessa mediassa<\/p>\n\n\n\n<p>Sotien muuttunut merkitys ja kriisien luonne nykyp\u00e4iv\u00e4n\u00e4. Mielikuvien vaikutus ja sosiaalisen median merkitys, autorit\u00e4\u00e4risten johtajien toimintatavat verrattuna l\u00e4nsimaisten demokratioihin p\u00e4\u00e4miehiin ja mekanismeihin.<\/p>\n\n\n\n<p>Luennon pituus on sovittavissa, tavallisesti olen puhunut tunnista kahteen tai kaksi kertaa puolitoista tuntia. Mielell\u00e4ni keskustelen aiheista my\u00f6s sen j\u00e4lkeen. Palkkioista ja kulukorvauksista sovitaan erikseen.<\/p>\n\n\n\n<div class=\"wp-block-columns is-layout-flex wp-container-core-columns-is-layout-28f84493 wp-block-columns-is-layout-flex\">\n<div class=\"wp-block-column is-layout-flow wp-block-column-is-layout-flow\">\n<figure class=\"wp-block-image size-large is-resized\"><img loading=\"lazy\" decoding=\"async\" width=\"683\" height=\"1024\" src=\"https:\/\/www.lasselaaksonen.net\/wp-content\/uploads\/2025\/09\/Lasse_Laaksonen_18_9_2025_J6I2583_CJuha-Janhonen-1-683x1024.jpg\" alt=\"\" class=\"wp-image-248\" style=\"width:255px;height:auto\" srcset=\"https:\/\/www.lasselaaksonen.net\/wp-content\/uploads\/2025\/09\/Lasse_Laaksonen_18_9_2025_J6I2583_CJuha-Janhonen-1-683x1024.jpg 683w, https:\/\/www.lasselaaksonen.net\/wp-content\/uploads\/2025\/09\/Lasse_Laaksonen_18_9_2025_J6I2583_CJuha-Janhonen-1-200x300.jpg 200w, https:\/\/www.lasselaaksonen.net\/wp-content\/uploads\/2025\/09\/Lasse_Laaksonen_18_9_2025_J6I2583_CJuha-Janhonen-1-768x1152.jpg 768w, https:\/\/www.lasselaaksonen.net\/wp-content\/uploads\/2025\/09\/Lasse_Laaksonen_18_9_2025_J6I2583_CJuha-Janhonen-1-1024x1536.jpg 1024w, https:\/\/www.lasselaaksonen.net\/wp-content\/uploads\/2025\/09\/Lasse_Laaksonen_18_9_2025_J6I2583_CJuha-Janhonen-1-1365x2048.jpg 1365w, https:\/\/www.lasselaaksonen.net\/wp-content\/uploads\/2025\/09\/Lasse_Laaksonen_18_9_2025_J6I2583_CJuha-Janhonen-1-scaled.jpg 1706w\" sizes=\"auto, (max-width: 683px) 100vw, 683px\" \/><\/figure>\n<\/div>\n\n\n\n<div class=\"wp-block-column is-layout-flow wp-block-column-is-layout-flow\">\n<figure class=\"wp-block-image size-large\"><img loading=\"lazy\" decoding=\"async\" width=\"1024\" height=\"1024\" src=\"https:\/\/www.lasselaaksonen.net\/wp-content\/uploads\/2025\/09\/Temperamenttia-FB-Insta-nelio-1200px-1024x1024.jpg\" alt=\"\" class=\"wp-image-249\" srcset=\"https:\/\/www.lasselaaksonen.net\/wp-content\/uploads\/2025\/09\/Temperamenttia-FB-Insta-nelio-1200px-1024x1024.jpg 1024w, https:\/\/www.lasselaaksonen.net\/wp-content\/uploads\/2025\/09\/Temperamenttia-FB-Insta-nelio-1200px-300x300.jpg 300w, https:\/\/www.lasselaaksonen.net\/wp-content\/uploads\/2025\/09\/Temperamenttia-FB-Insta-nelio-1200px-150x150.jpg 150w, https:\/\/www.lasselaaksonen.net\/wp-content\/uploads\/2025\/09\/Temperamenttia-FB-Insta-nelio-1200px-768x768.jpg 768w, https:\/\/www.lasselaaksonen.net\/wp-content\/uploads\/2025\/09\/Temperamenttia-FB-Insta-nelio-1200px.jpg 1200w\" sizes=\"auto, (max-width: 1024px) 100vw, 1024px\" \/><\/figure>\n<\/div>\n<\/div>\n\n\n\n<div class=\"wp-block-columns is-layout-flex wp-container-core-columns-is-layout-28f84493 wp-block-columns-is-layout-flex\">\n<div class=\"wp-block-column is-layout-flow wp-block-column-is-layout-flow\">\n<figure class=\"wp-block-image size-full\"><img loading=\"lazy\" decoding=\"async\" width=\"512\" height=\"512\" src=\"https:\/\/www.lasselaaksonen.net\/wp-content\/uploads\/2024\/09\/cropped-2017_10_19_Julkkarit_hymy_paras.jpg\" alt=\"\" class=\"wp-image-91\" srcset=\"https:\/\/www.lasselaaksonen.net\/wp-content\/uploads\/2024\/09\/cropped-2017_10_19_Julkkarit_hymy_paras.jpg 512w, https:\/\/www.lasselaaksonen.net\/wp-content\/uploads\/2024\/09\/cropped-2017_10_19_Julkkarit_hymy_paras-300x300.jpg 300w, https:\/\/www.lasselaaksonen.net\/wp-content\/uploads\/2024\/09\/cropped-2017_10_19_Julkkarit_hymy_paras-150x150.jpg 150w, https:\/\/www.lasselaaksonen.net\/wp-content\/uploads\/2024\/09\/cropped-2017_10_19_Julkkarit_hymy_paras-270x270.jpg 270w, https:\/\/www.lasselaaksonen.net\/wp-content\/uploads\/2024\/09\/cropped-2017_10_19_Julkkarit_hymy_paras-192x192.jpg 192w, https:\/\/www.lasselaaksonen.net\/wp-content\/uploads\/2024\/09\/cropped-2017_10_19_Julkkarit_hymy_paras-180x180.jpg 180w, https:\/\/www.lasselaaksonen.net\/wp-content\/uploads\/2024\/09\/cropped-2017_10_19_Julkkarit_hymy_paras-32x32.jpg 32w\" sizes=\"auto, (max-width: 512px) 100vw, 512px\" \/><\/figure>\n<\/div>\n\n\n\n<div class=\"wp-block-column is-layout-flow wp-block-column-is-layout-flow\">\n<figure class=\"wp-block-image size-large\"><img loading=\"lazy\" decoding=\"async\" width=\"768\" height=\"1024\" src=\"https:\/\/www.lasselaaksonen.net\/wp-content\/uploads\/2024\/09\/20190819_135355-768x1024.jpg\" alt=\"\" class=\"wp-image-65\" srcset=\"https:\/\/www.lasselaaksonen.net\/wp-content\/uploads\/2024\/09\/20190819_135355-768x1024.jpg 768w, https:\/\/www.lasselaaksonen.net\/wp-content\/uploads\/2024\/09\/20190819_135355-225x300.jpg 225w, https:\/\/www.lasselaaksonen.net\/wp-content\/uploads\/2024\/09\/20190819_135355-1152x1536.jpg 1152w, https:\/\/www.lasselaaksonen.net\/wp-content\/uploads\/2024\/09\/20190819_135355-1536x2048.jpg 1536w, https:\/\/www.lasselaaksonen.net\/wp-content\/uploads\/2024\/09\/20190819_135355-scaled.jpg 1920w\" sizes=\"auto, (max-width: 768px) 100vw, 768px\" \/><\/figure>\n<\/div>\n<\/div>\n\n\n\n<p>Olen Lasse Laaksonen, FT ja dosentti. Toimin dosenttina Helsingin yliopistossa, Maanpuolustuskorkeakoulussa ja It\u00e4-Suomen yliopistossa. T\u00e4rkeimm\u00e4t teokseni ovat k\u00e4sitelleet sotilasylijohdon tabuja. \u201d<em>Viina, hermot ja rangaistukset \u2013 sotilasylijohdon henkil\u00f6kohtaiset ongelmat 1918-1945<\/em>\u201d (2017) valittiin ehdolle sek\u00e4 Vuoden Tiedekirjaksi ett\u00e4 Vuoden Historiateokseksi. Viimeisin teokseni &#8221;Temperamenttia! Sotilasylijohdon tunnehistoria&#8221; (2025) avaa uuden lehden aikaisemmin tutkimattomaan aiheeseen. Olen syventynyt sodan tutkimukseen ja pedagogiikkaan USA:n sotilasakatemiassa West Pointissa. <br><br>Olen esiintynyt lukuisissa kansainv\u00e4lisiss\u00e4 seminaareissa, kirjoittanut artikkeleita ja tehnyt arvosteluja. Lis\u00e4ksi olen ollut haastateltavana lukuisissa TV- ja radio-ohjelmissa ja podcasteissa. Viime aikoina olen kommentoinut medioissa Ukrainan sotaa ja L\u00e4hi-id\u00e4n kriisej\u00e4. Pid\u00e4n my\u00f6s yritysten johtoryhmille ja yhdistyksille luentoja kriisinjohtamisesta, tilannehallinnasta ja ihmismielen reagoinnista.<\/p>\n\n\n\n<p>Henkil\u00f6suhteet ja johtaminen \u2013 historian opetuksia sodista ja kriiseist\u00e4.<\/p>\n<\/div>\n","protected":false},"excerpt":{"rendered":"<p>\u201dPsykologinen puoli on vaikeampi kuin sotilaallinen\u201d (Kenraali Tuompo 1941) Tunne, reaktiot ja henkil\u00f6suhteet&#8211;Kriisijohtamisen psykologia ja historian opetukset Sodissa ja kriiseiss\u00e4 niin kenraaliin, poliittiseen p\u00e4\u00e4tt\u00e4j\u00e4\u00e4n kuin toimitusjohtajaan vaikuttavat ihmiskasvoiset piirteet. H\u00e4n joutuu kamppailemaan j\u00e4rjen \u00e4\u00e4nen ja inhimillisten tunteiden kanssa p\u00e4\u00e4t\u00f6ksi\u00e4 tehdess\u00e4\u00e4n. Tunne ja j\u00e4rki k\u00e4yv\u00e4t kilpajuoksua kesken\u00e4\u00e4n. H\u00e4n ei my\u00f6sk\u00e4\u00e4n ole yksin henkil\u00f6suhteet vaikuttavat johtamiseen. \u00c4\u00e4rimm\u00e4isiss\u00e4 [&hellip;]<\/p>\n","protected":false},"author":1,"featured_media":0,"parent":0,"menu_order":0,"comment_status":"closed","ping_status":"closed","template":"","meta":{"footnotes":""},"class_list":["post-84","page","type-page","status-publish","hentry"],"aioseo_notices":[],"_links":{"self":[{"href":"https:\/\/www.lasselaaksonen.net\/index.php\/wp-json\/wp\/v2\/pages\/84","targetHints":{"allow":["GET"]}}],"collection":[{"href":"https:\/\/www.lasselaaksonen.net\/index.php\/wp-json\/wp\/v2\/pages"}],"about":[{"href":"https:\/\/www.lasselaaksonen.net\/index.php\/wp-json\/wp\/v2\/types\/page"}],"author":[{"embeddable":true,"href":"https:\/\/www.lasselaaksonen.net\/index.php\/wp-json\/wp\/v2\/users\/1"}],"replies":[{"embeddable":true,"href":"https:\/\/www.lasselaaksonen.net\/index.php\/wp-json\/wp\/v2\/comments?post=84"}],"version-history":[{"count":13,"href":"https:\/\/www.lasselaaksonen.net\/index.php\/wp-json\/wp\/v2\/pages\/84\/revisions"}],"predecessor-version":[{"id":250,"href":"https:\/\/www.lasselaaksonen.net\/index.php\/wp-json\/wp\/v2\/pages\/84\/revisions\/250"}],"wp:attachment":[{"href":"https:\/\/www.lasselaaksonen.net\/index.php\/wp-json\/wp\/v2\/media?parent=84"}],"curies":[{"name":"wp","href":"https:\/\/api.w.org\/{rel}","templated":true}]}}